{"id":142,"date":"2023-12-01T19:05:50","date_gmt":"2023-12-01T18:05:50","guid":{"rendered":"https:\/\/typograff.fr\/?post_type=product&#038;p=142"},"modified":"2024-05-23T09:53:44","modified_gmt":"2024-05-23T07:53:44","slug":"freshlight-print","status":"publish","type":"product","link":"https:\/\/typograff.fr\/en\/product\/freshlight-print\/","title":{"rendered":"FreshLight Print"},"content":{"rendered":"<p><strong><em> Le Print FreshLight<\/em> [avec son effet en R\u00e9alit\u00e9 Augment\u00e9]<\/strong><\/p>\n<p>50 exemplaires sign\u00e9s et num\u00e9rot\u00e9s<\/p>\n<p><em>d&rsquo;apr\u00e8s une oeuvre r\u00e9alis\u00e9e en 2023<\/em><\/p>\n<p>Format : 50&#215;50 cm<\/p>\n<p>Type de support : Papier satin 200g Canvas Art reproduction<\/p>\n<p>+ Certificat d&rsquo;authenticit\u00e9<\/p>\n<p>+ QR code pour visualiser la R\u00e9alit\u00e9 Augment\u00e9<\/p>\n<p>+ Stickers<\/p>\n<p>&nbsp;<\/p>","protected":false},"excerpt":{"rendered":"<p><strong><em> Le Print FreshLight<\/em> [avec son effet en R\u00e9alit\u00e9 Augment\u00e9]<\/strong><\/p>\n<p>50 exemplaires sign\u00e9s et num\u00e9rot\u00e9s<\/p>\n<p><em>d&rsquo;apr\u00e8s une oeuvre r\u00e9alis\u00e9e en 2023<\/em><\/p>\n<p>Format : 50&#215;50 cm<\/p>\n<p>Type de support : Papier satin 200g Canvas Art reproduction<\/p>\n<p>+ Certificat d&rsquo;authenticit\u00e9<\/p>\n<p>+ QR code pour visualiser la R\u00e9alit\u00e9 Augment\u00e9<\/p>\n<p>+ Stickers<\/p>","protected":false},"featured_media":150,"template":"","meta":{"_coblocks_attr":"","_coblocks_dimensions":"","_coblocks_responsive_height":"","_coblocks_accordion_ie_support":"","ocean_post_layout":"","ocean_both_sidebars_style":"","ocean_both_sidebars_content_width":0,"ocean_both_sidebars_sidebars_width":0,"ocean_sidebar":"0","ocean_second_sidebar":"0","ocean_disable_margins":"enable","ocean_add_body_class":"","ocean_shortcode_before_top_bar":"","ocean_shortcode_after_top_bar":"","ocean_shortcode_before_header":"","ocean_shortcode_after_header":"","ocean_has_shortcode":"","ocean_shortcode_after_title":"","ocean_shortcode_before_footer_widgets":"","ocean_shortcode_after_footer_widgets":"","ocean_shortcode_before_footer_bottom":"","ocean_shortcode_after_footer_bottom":"","ocean_display_top_bar":"default","ocean_display_header":"default","ocean_header_style":"","ocean_center_header_left_menu":"0","ocean_custom_header_template":"0","ocean_custom_logo":0,"ocean_custom_retina_logo":0,"ocean_custom_logo_max_width":0,"ocean_custom_logo_tablet_max_width":0,"ocean_custom_logo_mobile_max_width":0,"ocean_custom_logo_max_height":0,"ocean_custom_logo_tablet_max_height":0,"ocean_custom_logo_mobile_max_height":0,"ocean_header_custom_menu":"0","ocean_menu_typo_font_family":"0","ocean_menu_typo_font_subset":"","ocean_menu_typo_font_size":0,"ocean_menu_typo_font_size_tablet":0,"ocean_menu_typo_font_size_mobile":0,"ocean_menu_typo_font_size_unit":"px","ocean_menu_typo_font_weight":"","ocean_menu_typo_font_weight_tablet":"","ocean_menu_typo_font_weight_mobile":"","ocean_menu_typo_transform":"","ocean_menu_typo_transform_tablet":"","ocean_menu_typo_transform_mobile":"","ocean_menu_typo_line_height":0,"ocean_menu_typo_line_height_tablet":0,"ocean_menu_typo_line_height_mobile":0,"ocean_menu_typo_line_height_unit":"","ocean_menu_typo_spacing":0,"ocean_menu_typo_spacing_tablet":0,"ocean_menu_typo_spacing_mobile":0,"ocean_menu_typo_spacing_unit":"","ocean_menu_link_color":"","ocean_menu_link_color_hover":"","ocean_menu_link_color_active":"","ocean_menu_link_background":"","ocean_menu_link_hover_background":"","ocean_menu_link_active_background":"","ocean_menu_social_links_bg":"","ocean_menu_social_hover_links_bg":"","ocean_menu_social_links_color":"","ocean_menu_social_hover_links_color":"","ocean_disable_title":"default","ocean_disable_heading":"default","ocean_post_title":"","ocean_post_subheading":"","ocean_post_title_style":"","ocean_post_title_background_color":"","ocean_post_title_background":0,"ocean_post_title_bg_image_position":"","ocean_post_title_bg_image_attachment":"","ocean_post_title_bg_image_repeat":"","ocean_post_title_bg_image_size":"","ocean_post_title_height":0,"ocean_post_title_bg_overlay":0.5,"ocean_post_title_bg_overlay_color":"","ocean_disable_breadcrumbs":"default","ocean_breadcrumbs_color":"","ocean_breadcrumbs_separator_color":"","ocean_breadcrumbs_links_color":"","ocean_breadcrumbs_links_hover_color":"","ocean_display_footer_widgets":"default","ocean_display_footer_bottom":"default","ocean_custom_footer_template":"0","_themeisle_gutenberg_block_has_review":false},"product_brand":[],"product_cat":[37],"product_tag":[],"class_list":{"0":"post-142","1":"product","2":"type-product","3":"status-publish","4":"has-post-thumbnail","6":"product_cat-art-print","8":"entry","9":"has-media","11":"first","12":"instock","13":"featured","14":"shipping-taxable","15":"purchasable","16":"product-type-simple","17":"has-product-nav","18":"col","19":"span_1_of_3","20":"owp-content-center","21":"owp-thumbs-layout-horizontal","22":"owp-btn-normal","23":"owp-tabs-layout-horizontal"},"yoast_head":"<!-- This site is optimized with the Yoast SEO plugin v24.5 - https:\/\/yoast.com\/wordpress\/plugins\/seo\/ -->\n<title>FreshLight Print - Typograff<\/title>\n<meta name=\"robots\" content=\"index, follow, max-snippet:-1, max-image-preview:large, max-video-preview:-1\" \/>\n<link rel=\"canonical\" href=\"https:\/\/typograff.fr\/en\/product\/freshlight-print\/\" \/>\n<meta property=\"og:locale\" content=\"en_US\" \/>\n<meta property=\"og:type\" content=\"article\" \/>\n<meta property=\"og:title\" content=\"FreshLight Print - Typograff\" \/>\n<meta property=\"og:description\" content=\"Le Print FreshLight [avec son effet en R\u00e9alit\u00e9 Augment\u00e9]  50 exemplaires sign\u00e9s et num\u00e9rot\u00e9s  d&#039;apr\u00e8s une oeuvre r\u00e9alis\u00e9e en 2023  Format : 50x50 cm  Type de support : Papier satin 200g Canvas Art reproduction  + Certificat d&#039;authenticit\u00e9  + QR code pour visualiser la R\u00e9alit\u00e9 Augment\u00e9  + Stickers\" \/>\n<meta property=\"og:url\" content=\"https:\/\/typograff.fr\/en\/product\/freshlight-print\/\" \/>\n<meta property=\"og:site_name\" content=\"Typograff\" \/>\n<meta property=\"article:modified_time\" content=\"2024-05-23T07:53:44+00:00\" \/>\n<meta property=\"og:image\" content=\"https:\/\/typograff.fr\/wp-content\/uploads\/2023\/12\/Freshlight-3.jpeg\" \/>\n\t<meta property=\"og:image:width\" content=\"743\" \/>\n\t<meta property=\"og:image:height\" content=\"1000\" \/>\n\t<meta property=\"og:image:type\" content=\"image\/jpeg\" \/>\n<meta name=\"twitter:card\" content=\"summary_large_image\" \/>\n<meta name=\"twitter:label1\" content=\"Est. reading time\" \/>\n\t<meta name=\"twitter:data1\" content=\"1 minute\" \/>\n<script type=\"application\/ld+json\" class=\"yoast-schema-graph\">{\"@context\":\"https:\/\/schema.org\",\"@graph\":[{\"@type\":\"WebPage\",\"@id\":\"https:\/\/typograff.fr\/produit\/freshlight-print\/\",\"url\":\"https:\/\/typograff.fr\/produit\/freshlight-print\/\",\"name\":\"FreshLight Print - Typograff\",\"isPartOf\":{\"@id\":\"https:\/\/typograff.fr\/#website\"},\"primaryImageOfPage\":{\"@id\":\"https:\/\/typograff.fr\/produit\/freshlight-print\/#primaryimage\"},\"image\":{\"@id\":\"https:\/\/typograff.fr\/produit\/freshlight-print\/#primaryimage\"},\"thumbnailUrl\":\"https:\/\/typograff.fr\/wp-content\/uploads\/2023\/12\/Freshlight-3.jpeg\",\"datePublished\":\"2023-12-01T18:05:50+00:00\",\"dateModified\":\"2024-05-23T07:53:44+00:00\",\"breadcrumb\":{\"@id\":\"https:\/\/typograff.fr\/produit\/freshlight-print\/#breadcrumb\"},\"inLanguage\":\"en-US\",\"potentialAction\":[{\"@type\":\"ReadAction\",\"target\":[\"https:\/\/typograff.fr\/produit\/freshlight-print\/\"]}]},{\"@type\":\"ImageObject\",\"inLanguage\":\"en-US\",\"@id\":\"https:\/\/typograff.fr\/produit\/freshlight-print\/#primaryimage\",\"url\":\"https:\/\/typograff.fr\/wp-content\/uploads\/2023\/12\/Freshlight-3.jpeg\",\"contentUrl\":\"https:\/\/typograff.fr\/wp-content\/uploads\/2023\/12\/Freshlight-3.jpeg\",\"width\":743,\"height\":1000},{\"@type\":\"BreadcrumbList\",\"@id\":\"https:\/\/typograff.fr\/produit\/freshlight-print\/#breadcrumb\",\"itemListElement\":[{\"@type\":\"ListItem\",\"position\":1,\"name\":\"Accueil\",\"item\":\"https:\/\/typograff.fr\/\"},{\"@type\":\"ListItem\",\"position\":2,\"name\":\"ONLINE SHOP\",\"item\":\"https:\/\/typograff.fr\/boutique\/\"},{\"@type\":\"ListItem\",\"position\":3,\"name\":\"FreshLight Print\"}]},{\"@type\":\"WebSite\",\"@id\":\"https:\/\/typograff.fr\/#website\",\"url\":\"https:\/\/typograff.fr\/\",\"name\":\"Typograff\",\"description\":\"ONLINE SHOP\",\"publisher\":{\"@id\":\"https:\/\/typograff.fr\/#organization\"},\"potentialAction\":[{\"@type\":\"SearchAction\",\"target\":{\"@type\":\"EntryPoint\",\"urlTemplate\":\"https:\/\/typograff.fr\/?s={search_term_string}\"},\"query-input\":{\"@type\":\"PropertyValueSpecification\",\"valueRequired\":true,\"valueName\":\"search_term_string\"}}],\"inLanguage\":\"en-US\"},{\"@type\":\"Organization\",\"@id\":\"https:\/\/typograff.fr\/#organization\",\"name\":\"Typograff\",\"url\":\"https:\/\/typograff.fr\/\",\"logo\":{\"@type\":\"ImageObject\",\"inLanguage\":\"en-US\",\"@id\":\"https:\/\/typograff.fr\/#\/schema\/logo\/image\/\",\"url\":\"https:\/\/typograff.fr\/wp-content\/uploads\/2023\/12\/logo-Tonce-degrade-noir-2@4x.png\",\"contentUrl\":\"https:\/\/typograff.fr\/wp-content\/uploads\/2023\/12\/logo-Tonce-degrade-noir-2@4x.png\",\"width\":1466,\"height\":533,\"caption\":\"Typograff\"},\"image\":{\"@id\":\"https:\/\/typograff.fr\/#\/schema\/logo\/image\/\"}}]}<\/script>\n<!-- \/ Yoast SEO plugin. -->","yoast_head_json":{"title":"FreshLight Print - Typograff","robots":{"index":"index","follow":"follow","max-snippet":"max-snippet:-1","max-image-preview":"max-image-preview:large","max-video-preview":"max-video-preview:-1"},"canonical":"https:\/\/typograff.fr\/en\/product\/freshlight-print\/","og_locale":"en_US","og_type":"article","og_title":"FreshLight Print - Typograff","og_description":"Le Print FreshLight [avec son effet en R\u00e9alit\u00e9 Augment\u00e9]  50 exemplaires sign\u00e9s et num\u00e9rot\u00e9s  d'apr\u00e8s une oeuvre r\u00e9alis\u00e9e en 2023  Format : 50x50 cm  Type de support : Papier satin 200g Canvas Art reproduction  + Certificat d'authenticit\u00e9  + QR code pour visualiser la R\u00e9alit\u00e9 Augment\u00e9  + Stickers","og_url":"https:\/\/typograff.fr\/en\/product\/freshlight-print\/","og_site_name":"Typograff","article_modified_time":"2024-05-23T07:53:44+00:00","og_image":[{"width":743,"height":1000,"url":"https:\/\/typograff.fr\/wp-content\/uploads\/2023\/12\/Freshlight-3.jpeg","type":"image\/jpeg"}],"twitter_card":"summary_large_image","twitter_misc":{"Est. reading time":"1 minute"},"schema":{"@context":"https:\/\/schema.org","@graph":[{"@type":"WebPage","@id":"https:\/\/typograff.fr\/produit\/freshlight-print\/","url":"https:\/\/typograff.fr\/produit\/freshlight-print\/","name":"FreshLight Print - Typograff","isPartOf":{"@id":"https:\/\/typograff.fr\/#website"},"primaryImageOfPage":{"@id":"https:\/\/typograff.fr\/produit\/freshlight-print\/#primaryimage"},"image":{"@id":"https:\/\/typograff.fr\/produit\/freshlight-print\/#primaryimage"},"thumbnailUrl":"https:\/\/typograff.fr\/wp-content\/uploads\/2023\/12\/Freshlight-3.jpeg","datePublished":"2023-12-01T18:05:50+00:00","dateModified":"2024-05-23T07:53:44+00:00","breadcrumb":{"@id":"https:\/\/typograff.fr\/produit\/freshlight-print\/#breadcrumb"},"inLanguage":"en-US","potentialAction":[{"@type":"ReadAction","target":["https:\/\/typograff.fr\/produit\/freshlight-print\/"]}]},{"@type":"ImageObject","inLanguage":"en-US","@id":"https:\/\/typograff.fr\/produit\/freshlight-print\/#primaryimage","url":"https:\/\/typograff.fr\/wp-content\/uploads\/2023\/12\/Freshlight-3.jpeg","contentUrl":"https:\/\/typograff.fr\/wp-content\/uploads\/2023\/12\/Freshlight-3.jpeg","width":743,"height":1000},{"@type":"BreadcrumbList","@id":"https:\/\/typograff.fr\/produit\/freshlight-print\/#breadcrumb","itemListElement":[{"@type":"ListItem","position":1,"name":"Accueil","item":"https:\/\/typograff.fr\/"},{"@type":"ListItem","position":2,"name":"ONLINE SHOP","item":"https:\/\/typograff.fr\/boutique\/"},{"@type":"ListItem","position":3,"name":"FreshLight Print"}]},{"@type":"WebSite","@id":"https:\/\/typograff.fr\/#website","url":"https:\/\/typograff.fr\/","name":"Typograff","description":"ONLINE SHOP","publisher":{"@id":"https:\/\/typograff.fr\/#organization"},"potentialAction":[{"@type":"SearchAction","target":{"@type":"EntryPoint","urlTemplate":"https:\/\/typograff.fr\/?s={search_term_string}"},"query-input":{"@type":"PropertyValueSpecification","valueRequired":true,"valueName":"search_term_string"}}],"inLanguage":"en-US"},{"@type":"Organization","@id":"https:\/\/typograff.fr\/#organization","name":"Typograff","url":"https:\/\/typograff.fr\/","logo":{"@type":"ImageObject","inLanguage":"en-US","@id":"https:\/\/typograff.fr\/#\/schema\/logo\/image\/","url":"https:\/\/typograff.fr\/wp-content\/uploads\/2023\/12\/logo-Tonce-degrade-noir-2@4x.png","contentUrl":"https:\/\/typograff.fr\/wp-content\/uploads\/2023\/12\/logo-Tonce-degrade-noir-2@4x.png","width":1466,"height":533,"caption":"Typograff"},"image":{"@id":"https:\/\/typograff.fr\/#\/schema\/logo\/image\/"}}]}},"_links":{"self":[{"href":"https:\/\/typograff.fr\/en\/wp-json\/wp\/v2\/product\/142","targetHints":{"allow":["GET"]}}],"collection":[{"href":"https:\/\/typograff.fr\/en\/wp-json\/wp\/v2\/product"}],"about":[{"href":"https:\/\/typograff.fr\/en\/wp-json\/wp\/v2\/types\/product"}],"wp:featuredmedia":[{"embeddable":true,"href":"https:\/\/typograff.fr\/en\/wp-json\/wp\/v2\/media\/150"}],"wp:attachment":[{"href":"https:\/\/typograff.fr\/en\/wp-json\/wp\/v2\/media?parent=142"}],"wp:term":[{"taxonomy":"product_brand","embeddable":true,"href":"https:\/\/typograff.fr\/en\/wp-json\/wp\/v2\/product_brand?post=142"},{"taxonomy":"product_cat","embeddable":true,"href":"https:\/\/typograff.fr\/en\/wp-json\/wp\/v2\/product_cat?post=142"},{"taxonomy":"product_tag","embeddable":true,"href":"https:\/\/typograff.fr\/en\/wp-json\/wp\/v2\/product_tag?post=142"}],"curies":[{"name":"wp","href":"https:\/\/api.w.org\/{rel}","templated":true}]}}